{"id":27,"date":"2026-02-20T18:17:40","date_gmt":"2026-02-20T18:17:40","guid":{"rendered":"https:\/\/deeppink-cattle-365606.hostingersite.com\/?page_id=27"},"modified":"2026-03-02T19:34:43","modified_gmt":"2026-03-02T19:34:43","slug":"home","status":"publish","type":"page","link":"https:\/\/glfv.com.br\/en\/","title":{"rendered":"Menu"},"content":{"rendered":"<div class=\"wp-block-cover alignfull\" style=\"min-height:717px;aspect-ratio:unset;\"><img decoding=\"async\" width=\"1024\" height=\"683\" class=\"wp-block-cover__image-background wp-image-73 size-large lazyload\" alt=\"\" data-src=\"https:\/\/glfv.com.br\/wp-content\/uploads\/2026\/02\/fundo-site-1024x683.jpg\" data-object-fit=\"cover\" data-srcset=\"https:\/\/glfv.com.br\/wp-content\/uploads\/2026\/02\/fundo-site-1024x683.jpg 1024w, https:\/\/glfv.com.br\/wp-content\/uploads\/2026\/02\/fundo-site-scaled-600x400.jpg 600w, https:\/\/glfv.com.br\/wp-content\/uploads\/2026\/02\/fundo-site-300x200.jpg 300w, https:\/\/glfv.com.br\/wp-content\/uploads\/2026\/02\/fundo-site-768x512.jpg 768w, https:\/\/glfv.com.br\/wp-content\/uploads\/2026\/02\/fundo-site-1536x1024.jpg 1536w, https:\/\/glfv.com.br\/wp-content\/uploads\/2026\/02\/fundo-site-2048x1365.jpg 2048w, https:\/\/glfv.com.br\/wp-content\/uploads\/2026\/02\/fundo-site-18x12.jpg 18w\" data-sizes=\"(max-width: 1024px) 100vw, 1024px\" src=\"data:image\/svg+xml;base64,PHN2ZyB3aWR0aD0iMSIgaGVpZ2h0PSIxIiB4bWxucz0iaHR0cDovL3d3dy53My5vcmcvMjAwMC9zdmciPjwvc3ZnPg==\" style=\"--smush-placeholder-width: 1024px; --smush-placeholder-aspect-ratio: 1024\/683;\" \/><span aria-hidden=\"true\" class=\"wp-block-cover__background has-background-dim\" style=\"background-color:#1d1e22\"><\/span><div class=\"wp-block-cover__inner-container is-layout-constrained wp-block-cover-is-layout-constrained\">\n<p class=\"has-text-align-center has-large-font-size\"><strong><mark style=\"background-color:rgba(0, 0, 0, 0)\" class=\"has-inline-color has-ast-global-color-2-color\">\u201dI can immortalize your moments and your emotions\u201d<\/mark><\/strong><\/p>\n<\/div><\/div>\n\n\n\n<div class=\"wp-block-columns is-layout-flex wp-container-core-columns-is-layout-28f84493 wp-block-columns-is-layout-flex\">\n<div class=\"wp-block-column is-layout-flow wp-block-column-is-layout-flow\">\n<figure class=\"wp-block-image size-large\"><img decoding=\"async\" width=\"683\" height=\"1024\" data-src=\"https:\/\/glfv.com.br\/wp-content\/uploads\/2026\/02\/62A2204-683x1024.jpg\" alt=\"\" class=\"wp-image-76 lazyload\" data-srcset=\"https:\/\/glfv.com.br\/wp-content\/uploads\/2026\/02\/62A2204-683x1024.jpg 683w, https:\/\/glfv.com.br\/wp-content\/uploads\/2026\/02\/62A2204-scaled-600x900.jpg 600w, https:\/\/glfv.com.br\/wp-content\/uploads\/2026\/02\/62A2204-200x300.jpg 200w, https:\/\/glfv.com.br\/wp-content\/uploads\/2026\/02\/62A2204-768x1152.jpg 768w, https:\/\/glfv.com.br\/wp-content\/uploads\/2026\/02\/62A2204-1024x1536.jpg 1024w, https:\/\/glfv.com.br\/wp-content\/uploads\/2026\/02\/62A2204-1365x2048.jpg 1365w, https:\/\/glfv.com.br\/wp-content\/uploads\/2026\/02\/62A2204-8x12.jpg 8w, https:\/\/glfv.com.br\/wp-content\/uploads\/2026\/02\/62A2204-scaled.jpg 1707w\" data-sizes=\"(max-width: 683px) 100vw, 683px\" src=\"data:image\/svg+xml;base64,PHN2ZyB3aWR0aD0iMSIgaGVpZ2h0PSIxIiB4bWxucz0iaHR0cDovL3d3dy53My5vcmcvMjAwMC9zdmciPjwvc3ZnPg==\" style=\"--smush-placeholder-width: 683px; --smush-placeholder-aspect-ratio: 683\/1024;\" \/><\/figure>\n<\/div>\n\n\n\n<div class=\"wp-block-column is-layout-flow wp-block-column-is-layout-flow\">\n<h2 class=\"wp-block-heading\">Hello, my name is Gianluca and this is my story\u2026<\/h2>\n\n\n\n<h2 class=\"wp-block-heading\">The gaze that has always been here<\/h2>\n\n\n\n<p>They say photography is the art of freezing time, but for me, it has always been my way of communicating with the world. <strong>I don't remember a time when photography wasn't a part of who I am.<\/strong> I don't remember a time when photography wasn't a part of who I am.<\/p>\n\n\n\n<p>What began as a quiet hobby\u2014a fascination with observing what no one else noticed\u2014grew with me. The camera ceased to be a toy and became an extension of myself. I realized that what I did for pure pleasure had enormous power: the power to <strong>To immortalize what is invisible to hasty eyes.<\/strong><\/p>\n\n\n\n<p>I decided to transform my passion into a purpose. Today, my work is to offer you my perspective to capture your emotions. I'm not just looking for the \"perfect photo,\" I'm looking for... <strong>truth of the moment<\/strong>Whether it's a spontaneous smile, a tear of happiness, or that hug that feels like it will last forever.<\/p>\n\n\n\n<p><strong>I don't just take pictures. I capture what you feel.<\/strong><\/p>\n<\/div>\n<\/div>\n\n\n\n<p><\/p>\n\n\n\n<figure class=\"wp-block-gallery has-nested-images columns-default is-cropped wp-block-gallery-1 is-layout-flex wp-block-gallery-is-layout-flex\">\n<figure class=\"wp-block-image size-large\"><img decoding=\"async\" width=\"500\" height=\"375\" data-id=\"1033\" data-src=\"https:\/\/glfv.com.br\/wp-content\/uploads\/2026\/03\/IMG_0751.jpg\" alt=\"\" class=\"wp-image-1033 lazyload\" data-srcset=\"https:\/\/glfv.com.br\/wp-content\/uploads\/2026\/03\/IMG_0751.jpg 500w, https:\/\/glfv.com.br\/wp-content\/uploads\/2026\/03\/IMG_0751-300x225.jpg 300w, https:\/\/glfv.com.br\/wp-content\/uploads\/2026\/03\/IMG_0751-16x12.jpg 16w\" data-sizes=\"(max-width: 500px) 100vw, 500px\" src=\"data:image\/svg+xml;base64,PHN2ZyB3aWR0aD0iMSIgaGVpZ2h0PSIxIiB4bWxucz0iaHR0cDovL3d3dy53My5vcmcvMjAwMC9zdmciPjwvc3ZnPg==\" style=\"--smush-placeholder-width: 500px; --smush-placeholder-aspect-ratio: 500\/375;\" \/><\/figure>\n\n\n\n<figure class=\"wp-block-image size-large\"><img decoding=\"async\" width=\"351\" height=\"417\" data-id=\"1032\" data-src=\"https:\/\/glfv.com.br\/wp-content\/uploads\/2026\/03\/IMG_0750.jpg\" alt=\"\" class=\"wp-image-1032 lazyload\" data-srcset=\"https:\/\/glfv.com.br\/wp-content\/uploads\/2026\/03\/IMG_0750.jpg 351w, https:\/\/glfv.com.br\/wp-content\/uploads\/2026\/03\/IMG_0750-253x300.jpg 253w, https:\/\/glfv.com.br\/wp-content\/uploads\/2026\/03\/IMG_0750-10x12.jpg 10w\" data-sizes=\"(max-width: 351px) 100vw, 351px\" src=\"data:image\/svg+xml;base64,PHN2ZyB3aWR0aD0iMSIgaGVpZ2h0PSIxIiB4bWxucz0iaHR0cDovL3d3dy53My5vcmcvMjAwMC9zdmciPjwvc3ZnPg==\" style=\"--smush-placeholder-width: 351px; --smush-placeholder-aspect-ratio: 351\/417;\" \/><\/figure>\n\n\n\n<figure class=\"wp-block-image size-large\"><img decoding=\"async\" width=\"331\" height=\"375\" data-id=\"1031\" data-src=\"https:\/\/glfv.com.br\/wp-content\/uploads\/2026\/03\/IMG_0749.jpg\" alt=\"\" class=\"wp-image-1031 lazyload\" data-srcset=\"https:\/\/glfv.com.br\/wp-content\/uploads\/2026\/03\/IMG_0749.jpg 331w, https:\/\/glfv.com.br\/wp-content\/uploads\/2026\/03\/IMG_0749-265x300.jpg 265w, https:\/\/glfv.com.br\/wp-content\/uploads\/2026\/03\/IMG_0749-11x12.jpg 11w\" data-sizes=\"(max-width: 331px) 100vw, 331px\" src=\"data:image\/svg+xml;base64,PHN2ZyB3aWR0aD0iMSIgaGVpZ2h0PSIxIiB4bWxucz0iaHR0cDovL3d3dy53My5vcmcvMjAwMC9zdmciPjwvc3ZnPg==\" style=\"--smush-placeholder-width: 331px; --smush-placeholder-aspect-ratio: 331\/375;\" \/><\/figure>\n<\/figure>\n\n\n\n<p><\/p>\n\n\n\n<ul class=\"wp-block-social-links has-normal-icon-size has-visible-labels has-icon-color is-style-logos-only is-content-justification-center is-layout-flex wp-container-core-social-links-is-layout-4312c5ea wp-block-social-links-is-layout-flex\" style=\"border-style:none;border-width:0px;border-top-left-radius:6px;border-top-right-radius:6px;border-bottom-left-radius:6px;border-bottom-right-radius:6px;margin-top:0;margin-right:0;margin-bottom:0;margin-left:0\"><li style=\"color:var(--ast-global-color-2);\" class=\"wp-social-link wp-social-link-instagram has-ast-global-color-2-color wp-block-social-link\"><a rel=\"noopener nofollow\" target=\"_blank\" href=\"https:\/\/www.instagram.com\/gl.photography._?igsh=MWh1Z3Q3NWQwMGM0ZQ%3D%3D&#038;utm_source=qr\" class=\"wp-block-social-link-anchor\"><svg width=\"24\" height=\"24\" viewbox=\"0 0 24 24\" version=\"1.1\" xmlns=\"http:\/\/www.w3.org\/2000\/svg\" aria-hidden=\"true\" focusable=\"false\"><path d=\"M12,4.622c2.403,0,2.688,0.009,3.637,0.052c0.877,0.04,1.354,0.187,1.671,0.31c0.42,0.163,0.72,0.358,1.035,0.673 c0.315,0.315,0.51,0.615,0.673,1.035c0.123,0.317,0.27,0.794,0.31,1.671c0.043,0.949,0.052,1.234,0.052,3.637 s-0.009,2.688-0.052,3.637c-0.04,0.877-0.187,1.354-0.31,1.671c-0.163,0.42-0.358,0.72-0.673,1.035 c-0.315,0.315-0.615,0.51-1.035,0.673c-0.317,0.123-0.794,0.27-1.671,0.31c-0.949,0.043-1.233,0.052-3.637,0.052 s-2.688-0.009-3.637-0.052c-0.877-0.04-1.354-0.187-1.671-0.31c-0.42-0.163-0.72-0.358-1.035-0.673 c-0.315-0.315-0.51-0.615-0.673-1.035c-0.123-0.317-0.27-0.794-0.31-1.671C4.631,14.688,4.622,14.403,4.622,12 s0.009-2.688,0.052-3.637c0.04-0.877,0.187-1.354,0.31-1.671c0.163-0.42,0.358-0.72,0.673-1.035 c0.315-0.315,0.615-0.51,1.035-0.673c0.317-0.123,0.794-0.27,1.671-0.31C9.312,4.631,9.597,4.622,12,4.622 M12,3 C9.556,3,9.249,3.01,8.289,3.054C7.331,3.098,6.677,3.25,6.105,3.472C5.513,3.702,5.011,4.01,4.511,4.511 c-0.5,0.5-0.808,1.002-1.038,1.594C3.25,6.677,3.098,7.331,3.054,8.289C3.01,9.249,3,9.556,3,12c0,2.444,0.01,2.751,0.054,3.711 c0.044,0.958,0.196,1.612,0.418,2.185c0.23,0.592,0.538,1.094,1.038,1.594c0.5,0.5,1.002,0.808,1.594,1.038 c0.572,0.222,1.227,0.375,2.185,0.418C9.249,20.99,9.556,21,12,21s2.751-0.01,3.711-0.054c0.958-0.044,1.612-0.196,2.185-0.418 c0.592-0.23,1.094-0.538,1.594-1.038c0.5-0.5,0.808-1.002,1.038-1.594c0.222-0.572,0.375-1.227,0.418-2.185 C20.99,14.751,21,14.444,21,12s-0.01-2.751-0.054-3.711c-0.044-0.958-0.196-1.612-0.418-2.185c-0.23-0.592-0.538-1.094-1.038-1.594 c-0.5-0.5-1.002-0.808-1.594-1.038c-0.572-0.222-1.227-0.375-2.185-0.418C14.751,3.01,14.444,3,12,3L12,3z M12,7.378 c-2.552,0-4.622,2.069-4.622,4.622S9.448,16.622,12,16.622s4.622-2.069,4.622-4.622S14.552,7.378,12,7.378z M12,15 c-1.657,0-3-1.343-3-3s1.343-3,3-3s3,1.343,3,3S13.657,15,12,15z M16.804,6.116c-0.596,0-1.08,0.484-1.08,1.08 s0.484,1.08,1.08,1.08c0.596,0,1.08-0.484,1.08-1.08S17.401,6.116,16.804,6.116z\"><\/path><\/svg><span class=\"wp-block-social-link-label\">@gl.phography._<\/span><\/a><\/li><\/ul>\n\n\n\n<div style=\"height:395px\" aria-hidden=\"true\" class=\"wp-block-spacer\"><\/div>","protected":false},"excerpt":{"rendered":"<p>Ol\u00e1, meu nome \u00e9 Gianluca e essa \u00e9 a minha hist\u00f3ria&#8230; O olhar que sempre esteve aqui Dizem que a [&hellip;]<\/p>\n","protected":false},"author":1,"featured_media":0,"parent":0,"menu_order":0,"comment_status":"closed","ping_status":"closed","template":"","meta":{"site-sidebar-layout":"default","site-content-layout":"","ast-site-content-layout":"default","site-content-style":"default","site-sidebar-style":"default","ast-global-header-display":"","ast-banner-title-visibility":"","ast-main-header-display":"","ast-hfb-above-header-display":"","ast-hfb-below-header-display":"","ast-hfb-mobile-header-display":"","site-post-title":"disabled","ast-breadcrumbs-content":"","ast-featured-img":"disabled","footer-sml-layout":"","ast-disable-related-posts":"","theme-transparent-header-meta":"default","adv-header-id-meta":"","stick-header-meta":"","header-above-stick-meta":"","header-main-stick-meta":"","header-below-stick-meta":"","astra-migrate-meta-layouts":"default","ast-page-background-enabled":"default","ast-page-background-meta":{"desktop":{"background-color":"var(--ast-global-color-5)","background-image":"","background-repeat":"repeat","background-position":"center center","background-size":"auto","background-attachment":"scroll","background-type":"","background-media":"","overlay-type":"","overlay-color":"","overlay-opacity":"","overlay-gradient":""},"tablet":{"background-color":"","background-image":"","background-repeat":"repeat","background-position":"center center","background-size":"auto","background-attachment":"scroll","background-type":"","background-media":"","overlay-type":"","overlay-color":"","overlay-opacity":"","overlay-gradient":""},"mobile":{"background-color":"","background-image":"","background-repeat":"repeat","background-position":"center center","background-size":"auto","background-attachment":"scroll","background-type":"","background-media":"","overlay-type":"","overlay-color":"","overlay-opacity":"","overlay-gradient":""}},"ast-content-background-meta":{"desktop":{"background-color":"var(--ast-global-color-4)","background-image":"","background-repeat":"repeat","background-position":"center center","background-size":"auto","background-attachment":"scroll","background-type":"","background-media":"","overlay-type":"","overlay-color":"","overlay-opacity":"","overlay-gradient":""},"tablet":{"background-color":"var(--ast-global-color-4)","background-image":"","background-repeat":"repeat","background-position":"center center","background-size":"auto","background-attachment":"scroll","background-type":"","background-media":"","overlay-type":"","overlay-color":"","overlay-opacity":"","overlay-gradient":""},"mobile":{"background-color":"var(--ast-global-color-4)","background-image":"","background-repeat":"repeat","background-position":"center center","background-size":"auto","background-attachment":"scroll","background-type":"","background-media":"","overlay-type":"","overlay-color":"","overlay-opacity":"","overlay-gradient":""}},"ngg_post_thumbnail":0,"footnotes":""},"class_list":["post-27","page","type-page","status-publish","hentry"],"_hostinger_reach_plugin_has_subscription_block":false,"_hostinger_reach_plugin_is_elementor":false,"_links":{"self":[{"href":"https:\/\/glfv.com.br\/en\/wp-json\/wp\/v2\/pages\/27","targetHints":{"allow":["GET"]}}],"collection":[{"href":"https:\/\/glfv.com.br\/en\/wp-json\/wp\/v2\/pages"}],"about":[{"href":"https:\/\/glfv.com.br\/en\/wp-json\/wp\/v2\/types\/page"}],"author":[{"embeddable":true,"href":"https:\/\/glfv.com.br\/en\/wp-json\/wp\/v2\/users\/1"}],"replies":[{"embeddable":true,"href":"https:\/\/glfv.com.br\/en\/wp-json\/wp\/v2\/comments?post=27"}],"version-history":[{"count":13,"href":"https:\/\/glfv.com.br\/en\/wp-json\/wp\/v2\/pages\/27\/revisions"}],"predecessor-version":[{"id":1036,"href":"https:\/\/glfv.com.br\/en\/wp-json\/wp\/v2\/pages\/27\/revisions\/1036"}],"wp:attachment":[{"href":"https:\/\/glfv.com.br\/en\/wp-json\/wp\/v2\/media?parent=27"}],"curies":[{"name":"wp","href":"https:\/\/api.w.org\/{rel}","templated":true}]}}